{"id":317867,"date":"2020-06-02T07:50:58","date_gmt":"2020-06-02T07:50:58","guid":{"rendered":"https:\/\/www.zfx.com\/detalles-zeal-technology\/"},"modified":"2022-08-17T10:32:52","modified_gmt":"2022-08-17T10:32:52","slug":"detalles-zeal-technology","status":"publish","type":"page","link":"https:\/\/www.zfx.com\/mx\/detalles-zeal-technology\/","title":{"rendered":"Detalles de Zeal Technology"},"content":{"rendered":"<div class=\"zeal-details\">\n<h1 class=\"text-center\">Detalles de Zeal Technology<\/h1>\n<div class=\"tab tab--arkanoid tab--folding tab--zeal-details\">\n<div class=\"zeal-details__container zeal-details__container--nav\">\n\n<select class=\"custom-select tab__folder\">\n<option class=\"zfx_edit_on\" selected=\"selected\" value=\"zeal-details__tab--overall-advantage\" data-edit=\"text\">Ventaja General<\/option>\n<option class=\"zfx_edit_on\" value=\"zeal-details__tab--zeal-bridge\" data-edit=\"text\">Bridge Zeal MT4 \/ MT5<\/option>\n<option class=\"zfx_edit_on\" value=\"zeal-details__tab--ecn\" data-edit=\"text\">Red de Comunicaci\u00f3n Electr\u00f3nica Zeal (ECN, por sus siglas en ingl\u00e9s)<\/option>\n<\/select>\n<ul id=\"zeal-details-tab-arkanoid\" class=\"nav nav-tabs nav-fill\" role=\"tablist\">\n \t<li class=\"nav-item\" role=\"presentation\"><a id=\"zeal-details__tab--overall-advantage\" class=\"nav-link active zfx_edit_on\" role=\"tab\" href=\"#zeal-details__pane--overall-advantage\" data-toggle=\"tab\" aria-controls=\"zeal-details__pane--overall-advantage\" aria-selected=\"true\" data-edit=\"link\">Ventaja General<\/a><\/li>\n \t<li class=\"nav-item\" role=\"presentation\"><a id=\"zeal-details__tab--zeal-bridge\" class=\"nav-link zfx_edit_on\" role=\"tab\" href=\"#zeal-details__pane--zeal-bridge\" data-toggle=\"tab\" aria-controls=\"zeal-details__pane--zeal-bridge\" aria-selected=\"false\" data-edit=\"link\">Bridge Zeal MT4 \/ MT5<\/a><\/li>\n \t<li class=\"nav-item\" role=\"presentation\"><a id=\"zeal-details__tab--ecn\" class=\"nav-link zfx_edit_on\" role=\"tab\" href=\"#zeal-details__pane--ecn\" data-toggle=\"tab\" aria-controls=\"zeal-details__pane--ecn\" aria-selected=\"false\" data-edit=\"link\">Red de Comunicaci\u00f3n Electr\u00f3nica Zeal (ECN, por sus siglas en ingl\u00e9s)<\/a><\/li>\n<\/ul>\n<\/div>\n<div class=\"tab-content\">\n<div id=\"zeal-details__pane--overall-advantage\" class=\"tab-pane active show fade\" role=\"tabpanel\" aria-labelledby=\"zeal-details__tab--overall-advantage\">\n<div class=\"zeal-details__overall-advantage\">\n<div class=\"zeal-details__outstanding\">\n<div class=\"container container--content\">\n<div class=\"media media_base media_zeal_outstanding text-midnight-blue\">\n<h2 class=\"media__title zfx_edit_on\" spellcheck=\"false\" data-edit=\"text\">\u00a1Las soluciones de Zeal Technology son la clave para los entornos de Trading competitivos de \u00faltima generaci\u00f3n!<\/h2>\n<div class=\"media__text\">\n<p class=\"media__paragraph zfx_edit_on\" data-edit=\"text\">Optimizamos las velocidades de ejecuci\u00f3n y nos esforzamos continuamente para ofrecer de manera eficiente a nuestros clientes m\u00e1s de lo que necesitan para mejorar su experiencia de Trading.<\/p>\n\n<\/div>\n<div class=\"media__media\"><img fetchpriority=\"high\" decoding=\"async\" class=\"media__img zfx_edit_on\" src=\"\/wp-content\/uploads\/2022\/08\/macbook-at-dusk.45f8a127.jpg\" alt=\"MackBook at dusk\" width=\"568\" height=\"379\" data-edit=\"img\"><\/div>\n<\/div>\n<\/div>\n<\/div>\n<div class=\"zeal-details__technology-platform\">\n<div class=\"container container--content\">\n<div class=\"media media_base media_zeal_technology-platform text-midnight-blue\">\n<h2 class=\"media__title zfx_edit_on\" data-edit=\"text\">EQUIPO ZEAL TECHNOLOGY<\/h2>\n<div class=\"media__text\">\n<p class=\"media__paragraph zfx_edit_on\" spellcheck=\"false\" data-edit=\"text\">Zeal Technology es el equipo de ZFX con sede en Hong Kong. Impulsado por los mejores y m\u00e1s brillantes expertos en tecnolog\u00eda de la industria, con experiencia en infraestructura de Trading electr\u00f3nico, an\u00e1lisis de datos financieros, conectividad FIX y ejecuci\u00f3n. El equipo fue reclutado debido a su conocimiento en la industria para brindar soluciones de vanguardia y crear los mejores entornos en Trading para nuestros clientes.<\/p>\n<p class=\"media__paragraph zfx_edit_on\" data-edit=\"text\">Nuestra misi\u00f3n es satisfacer las crecientes demandas de clientes institucionales y profesionales en todo el mundo a trav\u00e9s de una plataforma back-end bien construida junto a los instrumentos de gesti\u00f3n de relaciones con los clientes (CRM, por sus siglas en ingl\u00e9s).<\/p>\n\n<\/div>\n<div class=\"media__media\">\n<ul class=\"list list_ugly-tasks\">\n \t<li class=\"list__item\">\n<div class=\"list__text zfx_edit_on\" data-edit=\"text\">NEGOCIACI\u00d3N ANTICIPADA &amp; GESTI\u00d3N DE RIESGOS<\/div><\/li>\n \t<li class=\"list__item\">\n<div class=\"list__text zfx_edit_on\" data-edit=\"text\">PERMITE ESTABLECER EL APALANCAMIENTO DE ELECCI\u00d3N EN CADA PEDIDO<\/div><\/li>\n \t<li class=\"list__item\">\n<div class=\"list__text zfx_edit_on\" data-edit=\"text\">ESCALABLE Y CAPAZ DE SOPORTAR UN N\u00daMERO ILIMITADO DE USUARIOS EN TIEMPO REAL<\/div><\/li>\n<\/ul>\n<\/div>\n<\/div>\n<\/div>\n<\/div>\n<div class=\"zeal-details__about-ld4\">\n<div class=\"container container--content\">\n<div class=\"media media_base media_zeal_about-ld4 text-midnight-blue\">\n<h2 class=\"media__title zfx_edit_on\" data-edit=\"text\">Centro de Datos Equinix LD4<\/h2>\n<div class=\"media__text\">\n<p class=\"media__paragraph zfx_edit_on\" spellcheck=\"false\" data-edit=\"text\">Los clientes de ZFX ahora pueden acceder a varias redes desde Equinix LD4 (Reino Unido). Ubicados en los principales proveedores de liquidez, intercambios y servidores de transacciones interbancarias, ayuda a nuestros clientes a lograr la latencia de distancia m\u00e1s baja posible.<\/p>\n\n<\/div>\n<div class=\"media__media\"><img decoding=\"async\" class=\"media__img zfx_edit_on\" src=\"\/wp-content\/uploads\/2022\/08\/ld4.42b46544.png\" alt=\"About LD4 London\" width=\"712\" height=\"548\" data-edit=\"img\"><\/div>\n<\/div>\n<\/div>\n<\/div>\n<\/div>\n<\/div>\n<div id=\"zeal-details__pane--zeal-bridge\" class=\"tab-pane fade\" role=\"tabpanel\" aria-labelledby=\"zeal-details__tab--zeal-bridge\">\n<div class=\"zeal-details__bridge\">\n<div class=\"media media_base media_zeal_bridge2 text-midnight-blue\">\n<h2 class=\"media__title zfx_edit_on\" data-edit=\"text\">Bridge ZEAL MT4\/MT5<\/h2>\n<div class=\"media__text\">\n<p class=\"media__paragraph zfx_edit_on\" spellcheck=\"false\" data-edit=\"text\">Nuestro Bridge Zeal MT4\/MT5 patentado nos permite conectarnos con m\u00faltiples mercados financieros, lo que nos permite ofrecer cotizaciones de precios competitivos y ejecuci\u00f3n a nuestros clientes.<\/p>\n<p class=\"media__paragraph zfx_edit_on\" spellcheck=\"false\" data-edit=\"text\">El n\u00facleo de Zeal bridge consiste en un motor de fijaci\u00f3n de precios y enrutamiento de \u00f3rdenes de latencia ultrabaja, que nos brinda la oportunidad de conectar a nuestro cliente con una amplia gama de proveedores de liquidez. Zeal bridge admite el enrutamiento y la agregaci\u00f3n de \u00f3rdenes complejas, as\u00ed como flujos de liquidez multibanda para una ejecuci\u00f3n superior de grandes vol\u00famenes de operaciones. Es para facilitar las demandas espec\u00edficas de los clientes en el comercio minorista, as\u00ed como atender al segmento Institucional.<\/p>\n\n<\/div>\n<div class=\"media__media\"><img decoding=\"async\" class=\"media__img zfx_edit_on\" src=\"\/wp-content\/uploads\/2022\/08\/night-road-plum.618492c2.jpg\" alt=\"Night road plum\" height=\"368\" data-edit=\"img\"><\/div>\n<\/div>\n<div class=\"details-list-wrapper bg-catskill-white\">\n<div class=\"container container--content\">\n<ul class=\"details-list\">\n \t<li class=\"details-list__item\">\n<details class=\"details\" open=\"\">\n<summary class=\"details__summary\"><span class=\"details__summary-text zfx_edit_on\" data-edit=\"text\">Enrutamiento de Operaciones<\/span><\/summary>\n<div class=\"details__text\">\n<p class=\"details__paragraph zfx_edit_on\" data-edit=\"text\">Sistema de enrutamiento flexible que permite a nuestro cliente operar al mejor precio del proveedor de liquidez seg\u00fan atributos predeterminados. Puede cumplir funciones complejas de enrutamiento de \u00f3rdenes y mesa de operaciones.<\/p>\n\n<\/div>\n<\/details><\/li>\n \t<li class=\"details-list__item\">\n<details class=\"details\" open=\"\">\n<summary class=\"details__summary\"><span class=\"details__summary-text zfx_edit_on\" data-edit=\"text\">Gesti\u00f3n Intuitiva<\/span><\/summary>\n<div class=\"details__text\">\n<p class=\"details__paragraph zfx_edit_on\" data-edit=\"text\">Bridge Manager para un f\u00e1cil manejo de grupos de clientes y posiciones cubiertas. Administre fuentes de datos con spreads m\u00ednimos\/m\u00e1ximos, multiplicadores de precios y modificaciones del libro de \u00f3rdenes.<\/p>\n\n<\/div>\n<\/details><\/li>\n \t<li class=\"details-list__item\">\n<details class=\"details\" open=\"\">\n<summary class=\"details__summary\"><span class=\"details__summary-text zfx_edit_on\" data-edit=\"text\">Filtrado de Cotizaciones<\/span><\/summary>\n<div class=\"details__text\">\n<p class=\"details__paragraph zfx_edit_on\" data-edit=\"text\">Filtrado de Cotizaciones Filtre y muestre solo la mejor oferta\/demanda de todos los proveedores de liquidez. Esto se basa en nuestra mejor ejecuci\u00f3n VWAP para todas sus transacciones, totalmente automatizado.<\/p>\n\n<\/div>\n<\/details><\/li>\n \t<li class=\"details-list__item\">\n<details class=\"details\" open=\"\">\n<summary class=\"details__summary\"><span class=\"details__summary-text zfx_edit_on\" data-edit=\"text\">Gesti\u00f3n de Riesgos<\/span><\/summary>\n<div class=\"details__text\">\n<p class=\"details__paragraph zfx_edit_on\" data-edit=\"text\">Las reglas avanzadas de enrutamiento de operaciones permiten estrategias de Trading y de cobertura personalizadas para los brokers, lo que permite una gesti\u00f3n s\u00f3lida de la exposici\u00f3n basada en par\u00e1metros escalonados con m\u00faltiples contrapartes.<\/p>\n\n<\/div>\n<\/details><\/li>\n \t<li class=\"details-list__item\">\n<details class=\"details\" open=\"\">\n<summary class=\"details__summary\"><span class=\"details__summary-text zfx_edit_on\" data-edit=\"text\">Informes<\/span><\/summary>\n<div class=\"details__text\">\n<p class=\"details__paragraph zfx_edit_on\" data-edit=\"text\">F\u00e1cilmente adaptable a los requisitos regulatorios. Crear informes personalizados. Reciba y analice eficientemente los datos de ejecuci\u00f3n. Todas las actividades se almacenan en la base de datos MyZFX.<\/p>\n\n<\/div>\n<\/details><\/li>\n \t<li class=\"details-list__item\">\n<details class=\"details\" open=\"\">\n<summary class=\"details__summary\"><span class=\"details__summary-text zfx_edit_on\" data-edit=\"text\">Transpar\u00eancia<\/span><\/summary>\n<div class=\"details__text\">\n<p class=\"details__paragraph zfx_edit_on\" data-edit=\"text\">Vista en vivo de flujos de precios y markups de proveedores de liquidez. Streaming de libros de \u00f3rdenes al servidor MT4\/MT5.<\/p>\n\n<\/div>\n<\/details><\/li>\n<\/ul>\n<\/div>\n<\/div>\n<\/div>\n<\/div>\n<div id=\"zeal-details__pane--ecn\" class=\"tab-pane fade\" role=\"tabpanel\" aria-labelledby=\"zeal-details__tab--ecn\">\n<div class=\"zeal-details__ecn\">\n<div class=\"media media_base media_zeal_ecn text-midnight-blue\">\n<h2 class=\"media__title zfx_edit_on\" data-edit=\"text\">Red de Comunicaci\u00f3n Electr\u00f3nica Zeal (ECN, por sus siglas en ingl\u00e9s)<\/h2>\n<div class=\"media__text\">\n<p class=\"media__paragraph zfx_edit_on\" spellcheck=\"false\" data-edit=\"text\">Nuestra soluci\u00f3n de liquidez ECN se basa en una tecnolog\u00eda de motor de matching ultrarr\u00e1pido, que garantiza que no haya recotizaciones, rechazos ni ejecuci\u00f3n last look. Todas sus operaciones se ejecutan a un precio de mercado justo. El motor de matching se instala justo al lado de nuestros servidores MT4 \/ MT5 para acelerar la comunicaci\u00f3n y brindar a los clientes cada microsegundo de ventaja que podamos obtener. Zeal ECN combina los precios m\u00e1s competitivos de la liquidez bancaria y de otras instituciones financieras, lo que garantiza que sus operaciones se ejecuten con el mejor margen disponible.<\/p>\n<p class=\"media__paragraph zfx_edit_on\" spellcheck=\"false\" data-edit=\"text\">El n\u00facleo ECN de Zeal Technology est\u00e1 construido con m\u00e1s de 200 componentes y proyectos. Cada componente requiere recursos sustanciales de desarrollo y prueba.<\/p>\n\n<\/div>\n<div class=\"media__media\"><img decoding=\"async\" class=\"media__img zfx_edit_on\" src=\"\/wp-content\/uploads\/2022\/08\/microscheme.65999cf6.jpg\" alt=\"Microscheme\" height=\"368\" data-edit=\"img\"><\/div>\n<\/div>\n<div class=\"details-list-wrapper bg-catskill-white\">\n<div class=\"container container--content\">\n<ul class=\"details-list\">\n \t<li class=\"details-list__item\">\n<details class=\"details\" open=\"\">\n<summary class=\"details__summary\"><span class=\"details__summary-text zfx_edit_on\" data-edit=\"text\">Anonimato<\/span><\/summary>\n<div class=\"details__text\">\n<p class=\"details__paragraph zfx_edit_on\" data-edit=\"text\">La actividad de Trading ECN es an\u00f3nima, lo que permite a los traders aprovechar los precios neutrales, lo que garantiza que las condiciones reales del mercado se reflejen en todo momento. No hay sesgo en contra de la direcci\u00f3n del cliente en funci\u00f3n de: estrategias de Trading en Forex, t\u00e1cticas o posiciones actuales del mercado.<\/p>\n\n<\/div>\n<\/details><\/li>\n \t<li class=\"details-list__item\">\n<details class=\"details\" open=\"\">\n<summary class=\"details__summary\"><span class=\"details__summary-text zfx_edit_on\" data-edit=\"text\">Execu\u00e7\u00e3o imediata de negocia\u00e7\u00e3o<\/span><\/summary>\n<div class=\"details__text\">\n<p class=\"details__paragraph zfx_edit_on\" spellcheck=\"false\" data-edit=\"text\">Los clientes de ECN pueden operar con forex al instante, aprovechando los mejores precios ejecutables del mercado, con confirmaciones inmediatas. El modelo ECN de Zeal evita la interferencia de los creadores de precios y no hay intervenci\u00f3n de la mesa de negociaci\u00f3n ni recotizaciones.<\/p>\n\n<\/div>\n<\/details><\/li>\n \t<li class=\"details-list__item\">\n<details class=\"details\" open=\"\">\n<summary class=\"details__summary\"><span class=\"details__summary-text zfx_edit_on\" data-edit=\"text\">Acesso \u00e0 liquidez<\/span><\/summary>\n<div class=\"details__text\">\n<p class=\"details__paragraph zfx_edit_on\" data-edit=\"text\">Nuestro modelo ECN ofrece a los clientes la oportunidad de operar en un grupo de liquidez global de instituciones financieras reguladas, calificadas y competitivas. Los precios se agregan de m\u00e1s de 12 proveedores de liquidez diferentes.<\/p>\n\n<\/div>\n<\/details><\/li>\n \t<li class=\"details-list__item\">\n<details class=\"details\" open=\"\">\n<summary class=\"details__summary\"><span class=\"details__summary-text zfx_edit_on\" data-edit=\"text\">Feed de Dados Automatizado para Mercado Forex<\/span><\/summary>\n<div class=\"details__text\">\n<p class=\"details__paragraph zfx_edit_on\" spellcheck=\"false\" data-edit=\"text\">A trav\u00e9s del protocolo FIX API de Zeal, los clientes pueden conectar f\u00e1cilmente sus algoritmos de Trading, estrategias de black box y\/o plataformas de Trading a una fuente de datos de mercado en vivo y un motor de comparaci\u00f3n de precios.<\/p>\n\n<\/div>\n<\/details><\/li>\n \t<li class=\"details-list__item\">\n<details class=\"details\" open=\"\">\n<summary class=\"details__summary\"><span class=\"details__summary-text zfx_edit_on\" data-edit=\"text\">Spreads Vari\u00e1veis<\/span><\/summary>\n<div class=\"details__text\">\n<p class=\"details__paragraph zfx_edit_on\" spellcheck=\"false\" data-edit=\"text\">ZFX ofrece spreads variables. En una ECN, los clientes tienen acceso directo a los precios de mercado. Los precios de mercado fluct\u00faan reflejando la oferta, la demanda, la volatilidad y las condiciones reales del mercado. El modelo ECN de Zeal permite a los clientes operar con spreads de oferta\/demanda ajustados, que son inferiores a un pip en las principales plataformas en determinadas condiciones del mercado.<\/p>\n\n<\/div>\n<\/details><\/li>\n<\/ul>\n<\/div>\n<\/div>\n<\/div>\n<\/div>\n<\/div>\n<\/div>\n<script>function e(e){var t=e.currentTarget||e.srcElement,a=t.closest(\".tab--folding\").querySelector(\".tab__folder\"),r=t.id;a.value=r}function t(e){var t=(e.currentTarget||e.srcElement).value,a=document.getElementById(\"\".concat(t)),r=a.hash,n=document.getElementById(\"\".concat(r.replace(\"#\",\"\"))),c=Array.prototype.filter.call(a.parentNode.parentNode.children,function(e){return e!==a.parentNode}),o=Array.prototype.filter.call(n.parentNode.children,function(e){return e!==n});c.forEach(function(e){var t=e.querySelector(\".nav-link\");t.classList.remove(\"active\"),t.setAttribute(\"aria-selected\",\"false\")}),o.forEach(function(e){e.classList.remove(\"active\",\"show\")}),a.classList.add(\"active\"),a.setAttribute(\"aria-selected\",\"true\"),n.classList.add(\"active\",\"show\")}function a(a){var r=a.target||a.srcElement,n=r.querySelectorAll(\".tab--folding\");Array.from(n).forEach(function(a){var n=a.querySelectorAll(\".nav-link\");Array.from(n).forEach(function(t){return t.addEventListener(\"click\",e)}),r.querySelector(\".tab__folder\").addEventListener(\"change\",t)})}function r(e){return function(e){switch(e=e||window.top.location.hash){case\"#zeal-details__tab--overall-advantage\":case\"#zeal-details__tab--zeal-bridge\":case\"#zeal-details__tab--ecn\":var t,a=(t=document.getElementById(\"\".concat(e.replace(\"#\",\"\")))).closest(\".tab--folding\").querySelector(\".tab__folder\");t.click(),a.value=\"\".concat(e.replace(\"#\",\"\"))}}()}document.addEventListener(\"DOMContentLoaded\",r),document.addEventListener(\"hashchange\",r),document.addEventListener(\"DOMContentLoaded\",a);<\/script>\n\n<\/div>","protected":false},"excerpt":{"rendered":"Detalles de Zeal Technology Ventaja General Bridge Zeal MT4 \/ MT5 Red de Comunicaci\u00f3n Electr\u00f3nica Zeal (ECN, por sus siglas en ingl\u00e9s) Ventaja General Bridge Zeal MT4 \/ MT5 Red de Comunicaci\u00f3n Electr\u00f3nica Zeal (ECN, por sus siglas en ingl\u00e9s) \u00a1Las soluciones de Zeal Technology son la clave para los entornos de Trading competitivos de [&hellip;]","protected":false},"author":100,"featured_media":0,"parent":0,"menu_order":80,"comment_status":"closed","ping_status":"closed","template":"","meta":{"_acf_changed":false,"footnotes":""},"class_list":["post-317867","page","type-page","status-publish","hentry"],"acf":[],"_links":{"self":[{"href":"https:\/\/www.zfx.com\/mx\/wp-json\/wp\/v2\/pages\/317867","targetHints":{"allow":["GET"]}}],"collection":[{"href":"https:\/\/www.zfx.com\/mx\/wp-json\/wp\/v2\/pages"}],"about":[{"href":"https:\/\/www.zfx.com\/mx\/wp-json\/wp\/v2\/types\/page"}],"author":[{"embeddable":true,"href":"https:\/\/www.zfx.com\/mx\/wp-json\/wp\/v2\/users\/100"}],"replies":[{"embeddable":true,"href":"https:\/\/www.zfx.com\/mx\/wp-json\/wp\/v2\/comments?post=317867"}],"version-history":[{"count":0,"href":"https:\/\/www.zfx.com\/mx\/wp-json\/wp\/v2\/pages\/317867\/revisions"}],"wp:attachment":[{"href":"https:\/\/www.zfx.com\/mx\/wp-json\/wp\/v2\/media?parent=317867"}],"curies":[{"name":"wp","href":"https:\/\/api.w.org\/{rel}","templated":true}]}}