{"id":317858,"date":"2022-06-27T13:29:51","date_gmt":"2022-06-27T13:29:51","guid":{"rendered":"https:\/\/www.zfx.com\/politica-privacidad\/"},"modified":"2026-04-22T18:55:00","modified_gmt":"2026-04-22T18:55:00","slug":"politica-privacidad","status":"publish","type":"page","link":"https:\/\/www.zfx.com\/mx\/politica-privacidad\/","title":{"rendered":"POL\u00cdTICA DE PRIVACIDAD"},"content":{"rendered":"\n<h1 class=\"wp-block-heading\" id=\"h-politica-de-privacidad\">Pol\u00edtica de Privacidad<\/h1>\n\n\n\n<p>Zeal Capital Market (Seychelles) Limited, incluidas sus subsidiarias y afiliadas (en adelante &#8220;<strong>Zeal<\/strong>&#8220;) se compromete a mantener, tratar y utilizar la informaci\u00f3n que no est\u00e1 disponible p\u00fablicamente (en adelante &#8220;<strong>Datos<\/strong>&#8221; recibida de usted de manera confidencial.<\/p>\n\n\n\n<p><strong>Este Aviso de Recopilaci\u00f3n de Datos Personales<\/strong> (en adelante &#8220;<strong>Aviso<\/strong>&#8220;) tiene como objetivo informarle sobre lo siguiente:<\/p>\n\n\n\n<ol start=\"1\" class=\"wp-block-list\">\n<li>Tipo de Datos que (pueden ser) recopilados y procesados por Zeal;<\/li>\n\n\n\n<li>C\u00f3mo Zeal utiliza los Datos;<\/li>\n\n\n\n<li>Divulgaci\u00f3n de Datos;<\/li>\n\n\n\n<li>La forma de mantenimiento de registros de Datos; y<\/li>\n\n\n\n<li>Su derecho a acceder o limitar el derecho de Zeal a acceder a los Datos.<\/li>\n<\/ol>\n\n\n\n<div class=\"wp-block-group\"><div class=\"wp-block-group__inner-container is-layout-constrained wp-block-group-is-layout-constrained\">\n<h3 class=\"wp-block-heading\" id=\"h-tipo-de-datos-recopilados-y-procesados-por-zeal\">Tipo de Datos Recopilados y Procesados por Zeal<\/h3>\n\n\n\n<p>Antes de que Zeal le proporcione cualquier servicio, Zeal puede recopilar los siguientes Datos de usted:<\/p>\n\n\n\n<ol start=\"1\" class=\"wp-block-list\">\n<li>Nombre;<\/li>\n\n\n\n<li>N\u00famero de c\u00e9dula de identidad o n\u00famero de pasaporte;<\/li>\n\n\n\n<li>Fecha de nacimiento;<\/li>\n\n\n\n<li>N\u00famero de Identificaci\u00f3n Fiscal;<\/li>\n\n\n\n<li>Ciudadan\u00eda;<\/li>\n\n\n\n<li>G\u00e9nero;<\/li>\n\n\n\n<li>Direcci\u00f3n;<\/li>\n\n\n\n<li>Estado civil;<\/li>\n\n\n\n<li>Ocupaci\u00f3n;<\/li>\n\n\n\n<li>N\u00famero de contacto personal;<\/li>\n\n\n\n<li>Informaci\u00f3n de registro de la empresa;<\/li>\n\n\n\n<li>Sitio(s) web de la empresa;<\/li>\n\n\n\n<li>Direcci\u00f3n de correo electr\u00f3nico;<\/li>\n\n\n\n<li>Detalle(s) de cuenta bancaria personal\/empresarial;<\/li>\n\n\n\n<li>Ingreso anual total;<\/li>\n\n\n\n<li>Experiencia en el comercio de divisas, valores, opciones, materias primas, futuros y\/o lingotes PTC o divisas OTC;<\/li>\n\n\n\n<li>Prueba de ingresos\/Fuente de fondos o riqueza;<\/li>\n\n\n\n<li>Pa\u00eds de residencia fiscal;<\/li>\n\n\n\n<li>Documento(s) de venta de propiedad;<\/li>\n\n\n\n<li>Documento(s) de ganancias de inversi\u00f3n;<\/li>\n\n\n\n<li>Documento(s) de herencia;<\/li>\n\n\n\n<li>Documento(s) de venta de empresa;<\/li>\n\n\n\n<li>Documento(s) de acuerdo de divorcio; y\/o<\/li>\n\n\n\n<li>Recibo(s) de premio de loter\u00eda o juego.<\/li>\n\n\n\n<li>Datos t\u00e9cnicos, incluidas direcciones IP, identificadores de dispositivos, tipos de navegador y datos de cookies recopilados cuando accede a nuestro sitio web o plataformas de trading.<\/li>\n<\/ol>\n\n\n\n<p>Para que disfrute de todos los beneficios de los servicios de Zeal, Zeal puede (dependiendo de las circunstancias) recopilar otros Datos que pueden ser cruciales para proporcionar los servicios de Zeal.<\/p>\n<\/div><\/div>\n\n\n\n<div class=\"wp-block-group\"><div class=\"wp-block-group__inner-container is-layout-constrained wp-block-group-is-layout-constrained\">\n<h3 class=\"wp-block-heading\" id=\"h-como-zeal-utiliza-los-datos\">C\u00f3mo Zeal utiliza los Datos<\/h3>\n\n\n\n<p>Zeal solo utiliza la informaci\u00f3n retenida sobre usted de las siguientes maneras:<\/p>\n\n\n\n<ol start=\"1\" class=\"wp-block-list\">\n<li>&nbsp;Para proporcionarle productos y servicios que solicite a Zeal o, cuando haya consentido ser contactado, para productos y servicios que Zeal considere que pueden ser de su inter\u00e9s;&nbsp;<\/li>\n\n\n\n<li>&nbsp;Gestionar y administrar los productos y servicios que se le proporcionan;&nbsp;<\/li>\n\n\n\n<li>&nbsp;Mantenerlo actualizado como cliente en relaci\u00f3n con cambios en los servicios de Zeal y asunto(s) relevante(s);&nbsp;<\/li>\n\n\n\n<li>Para cumplir con las obligaciones de Zeal derivadas de cualquier contrato celebrado entre usted y Zeal.<\/li>\n<\/ol>\n<\/div><\/div>\n\n\n\n<div class=\"wp-block-group\"><div class=\"wp-block-group__inner-container is-layout-constrained wp-block-group-is-layout-constrained\">\n<h3 class=\"wp-block-heading\" id=\"h-divulgacion-de-datos\">Divulgaci\u00f3n de Datos<\/h3>\n\n\n\n<p>Dependiendo de los productos y servicios involucrados y las restricciones relevantes sobre datos sensibles,&nbsp;los Datos pueden ser divulgados a:<\/p>\n\n\n\n<ol start=\"1\" class=\"wp-block-list\">\n<li>Miembro del grupo de Zeal;&nbsp;<\/li>\n\n\n\n<li>Potenciales sucesores en t\u00edtulo de Zeal;&nbsp;<\/li>\n\n\n\n<li>Consultores, contratistas u otros proveedores de servicios de terceros que puedan acceder a los Datos en el curso de proporcionar servicios a Zeal, incluyendo pero no limitado a:<\/li>\n\n\n\n<li><strong>SumSub<\/strong>, una plataforma de verificaci\u00f3n, con el prop\u00f3sito de verificaci\u00f3n de identidad remota, prevenci\u00f3n de fraude, aplicaci\u00f3n de leyes y regulaciones contra el lavado de dinero y financiamiento del terrorismo, gesti\u00f3n de riesgos internos y procedimientos de diligencia debida;<\/li>\n\n\n\n<li><strong>Acuity<\/strong>, un proveedor de servicios de calendario econ\u00f3mico global, para entregar informaci\u00f3n de eventos econ\u00f3micos en tiempo real;<\/li>\n\n\n\n<li><strong>Zotapay<\/strong>, un proveedor de servicios de pasarela de pago, para facilitar soluciones de procesamiento de pagos;<\/li>\n\n\n\n<li><strong>GlobalDots<\/strong>, un proveedor de soluciones de TI, para apoyar la infraestructura tecnol\u00f3gica y los servicios de la empresa;<\/li>\n\n\n\n<li><strong>Etech<\/strong>, un proveedor de servicios de pasarela de pago, para habilitar soluciones de procesamiento de pagos; y<\/li>\n\n\n\n<li><strong>Sentvia<\/strong>, un proveedor de servicios de pasarela de pago, para apoyar actividades de procesamiento de pagos.<\/li>\n\n\n\n<li>Corredores presentadores con quienes Zeal tiene una relaci\u00f3n mutua (cualquiera de los cuales puede estar dentro o fuera del \u00c1rea Econ\u00f3mica Europea);&nbsp;<\/li>\n\n\n\n<li>Cualquier organizaci\u00f3n o persona que act\u00fae en su nombre a quien solicite que Zeal proporcione informaci\u00f3n, incluido su asesor financiero, corredor, abogado o contador;&nbsp;<\/li>\n\n\n\n<li>Terceros cuando sea necesario procesar una transacci\u00f3n o proporcionar servicios que haya solicitado;&nbsp;<\/li>\n\n\n\n<li>A un Repositorio de Operaciones o similar;&nbsp;<\/li>\n\n\n\n<li>Proveedores de cr\u00e9dito, tribunales y autoridades reguladoras en respuesta a solicitudes legales y regulatorias, seg\u00fan lo acordado o autorizado por, entre otros, la Parte IV de la Ley de Protecci\u00f3n de Datos de 2023 y la Secci\u00f3n 32 de la Ley de Protecci\u00f3n del Consumidor Financiero de 2022;&nbsp;<\/li>\n\n\n\n<li>Auditores o contratistas u otros asesores que auditen, asistan o asesoren sobre cualquier prop\u00f3sito comercial de Zeal, en cualquier jurisdicci\u00f3n donde Zeal opere;&nbsp;<\/li>\n\n\n\n<li>A su solicitud o con su consentimiento.<\/li>\n\n\n\n<li>al utilizar los servicios de Zeal, usted consiente expl\u00edcitamente el procesamiento, almacenamiento y transferencia transfronteriza de sus Datos a proveedores de servicios de terceros, agencias de verificaci\u00f3n de identidad y pasarelas de pago ubicadas fuera de la Rep\u00fablica de Seychelles. Zeal garantiza que todas estas transferencias internacionales se realizan en cumplimiento con la Ley de Protecci\u00f3n de Datos de 2023, y que se implementan las salvaguardas apropiadas para proteger sus Datos.<\/li>\n<\/ol>\n<\/div><\/div>\n\n\n\n<div class=\"wp-block-group\"><div class=\"wp-block-group__inner-container is-layout-constrained wp-block-group-is-layout-constrained\">\n<h3 class=\"wp-block-heading\" id=\"h-la-forma-de-mantenimiento-de-registros-de-datos-nbsp\">La Forma de Mantenimiento de Registros de Datos&nbsp;<\/h3>\n\n\n\n<p>De acuerdo con la Secci\u00f3n 31 de la Ley de Protecci\u00f3n del Consumidor Financiero de 2022, Zeal mantiene informaci\u00f3n personal en una combinaci\u00f3n de instalaciones de almacenamiento inform\u00e1tico seguras y archivos en papel&nbsp;y otros registros, y toma medidas para proteger los Datos recibidos contra el mal uso, p\u00e9rdida,&nbsp;acceso no autorizado, modificaci\u00f3n o divulgaci\u00f3n no autorizada.<\/p>\n\n\n\n<p>Zeal limita el acceso a la informaci\u00f3n solo a aquellos empleados o socios relevantes que necesiten conocer la&nbsp;informaci\u00f3n para permitir el cumplimiento de la obligaci\u00f3n contractual.<\/p>\n\n\n\n<p>Zeal tiene procedimientos establecidos sobre c\u00f3mo salvaguardar y utilizar los Datos. De acuerdo con la Ley de Lucha contra el Lavado de Dinero y la Financiaci\u00f3n del Terrorismo de 2020, Zeal est\u00e1 legalmente obligado a retener sus Datos, incluidos los registros de identidad y transacciones, por un per\u00edodo m\u00ednimo de siete (7) a\u00f1os despu\u00e9s de la terminaci\u00f3n de nuestra relaci\u00f3n comercial. Despu\u00e9s de que expire este per\u00edodo de retenci\u00f3n estatutario, si Zeal considera que los Datos ya no son necesarios, Zeal los eliminar\u00e1 de forma segura o los anonimizar\u00e1.<\/p>\n\n\n\n<p>Mientras que Zeal se compromete a utilizar todos los recursos para salvaguardar sus Datos, sin embargo, usted&nbsp;reconoce que el uso de Internet no es completamente seguro y, por esta raz\u00f3n, usted entiende, reconoce y acepta el riesgo de filtraci\u00f3n de Datos que est\u00e1 fuera del control razonable de Zeal.<\/p>\n<\/div><\/div>\n\n\n\n<div class=\"wp-block-group\"><div class=\"wp-block-group__inner-container is-layout-constrained wp-block-group-is-layout-constrained\">\n<h3 class=\"wp-block-heading\" id=\"h-su-derecho-a-acceder-o-limitar-el-derecho-de-zeal-a-acceder-a-los-datos\">Su Derecho a Acceder o Limitar el Derecho de Zeal a Acceder a los Datos<\/h3>\n\n\n\n<p>Usted tiene el derecho de rechazar la solicitud de Zeal de recopilar, procesar y usar sus Datos de acuerdo con este Aviso. Tambi\u00e9n puede revocar su consentimiento previo otorgado a Zeal en cualquier momento contactando al servicio al cliente de Zeal en&nbsp;<a href=\"mailto:cx@zfx.com\">cx@zfx.com<\/a>. Sin embargo, si usted se niega a consentir la recopilaci\u00f3n y el uso de Datos, Zeal puede no estar en condiciones de proporcionarle los servicios.<\/p>\n\n\n\n<p>Tambi\u00e9n tiene el derecho de obtener una copia de cualquier informaci\u00f3n personal que Zeal posea sobre usted y de&nbsp;informar a Zeal sobre cualquier inexactitud percibida sujeto a la Secci\u00f3n 28 de la Ley de Protecci\u00f3n de Datos de 2023.<\/p>\n\n\n\n<p>Tambi\u00e9n tiene el derecho al olvido, es decir, el derecho a pedir a Zeal que elimine o disponga de cualquiera de sus datos personales que Zeal posea, siempre que dicha eliminaci\u00f3n no entre en conflicto con las obligaciones de retenci\u00f3n de datos estatutarias de Zeal bajo la legislaci\u00f3n AML\/CFT de Seychelles.<\/p>\n\n\n\n<p>Tambi\u00e9n puede contactarnos para permitir voluntariamente la divulgaci\u00f3n de sus datos personales para uso de terceros. En tales casos, podemos requerirle que firme los documentos necesarios antes de proceder con la divulgaci\u00f3n.<\/p>\n\n\n\n<p>Zeal puede cobrar una tarifa administrativa para cubrir el costo de verificar la solicitud y localizar,&nbsp;recuperar, revisar y copiar cualquier material solicitado por usted.<\/p>\n<\/div><\/div>\n\n\n\n<h3 class=\"wp-block-heading\" id=\"h-enmienda-adicional\">Enmienda Adicional<\/h3>\n\n\n\n<p>Zeal puede, de vez en cuando, publicar enmiendas a este Aviso en el sitio web de Zeal y, si contin\u00faa utilizando el servicio de Zeal, se considerar\u00e1 que acepta dichas enmiendas.<\/p>\n\n\n\n<p><\/p>\n","protected":false},"excerpt":{"rendered":"Pol\u00edtica de Privacidad Zeal Capital Market (Seychelles) Limited, incluidas sus subsidiarias y afiliadas (en adelante &#8220;Zeal&#8220;) se compromete a mantener, tratar y utilizar la informaci\u00f3n que no est\u00e1 disponible p\u00fablicamente (en adelante &#8220;Datos&#8221; recibida de usted de manera confidencial. Este Aviso de Recopilaci\u00f3n de Datos Personales (en adelante &#8220;Aviso&#8220;) tiene como objetivo informarle sobre lo [&hellip;]","protected":false},"author":100,"featured_media":0,"parent":0,"menu_order":38,"comment_status":"closed","ping_status":"closed","template":"terms-and-conditions.php","meta":{"_acf_changed":false,"footnotes":""},"class_list":["post-317858","page","type-page","status-publish","hentry"],"acf":[],"_links":{"self":[{"href":"https:\/\/www.zfx.com\/mx\/wp-json\/wp\/v2\/pages\/317858","targetHints":{"allow":["GET"]}}],"collection":[{"href":"https:\/\/www.zfx.com\/mx\/wp-json\/wp\/v2\/pages"}],"about":[{"href":"https:\/\/www.zfx.com\/mx\/wp-json\/wp\/v2\/types\/page"}],"author":[{"embeddable":true,"href":"https:\/\/www.zfx.com\/mx\/wp-json\/wp\/v2\/users\/100"}],"replies":[{"embeddable":true,"href":"https:\/\/www.zfx.com\/mx\/wp-json\/wp\/v2\/comments?post=317858"}],"version-history":[{"count":0,"href":"https:\/\/www.zfx.com\/mx\/wp-json\/wp\/v2\/pages\/317858\/revisions"}],"wp:attachment":[{"href":"https:\/\/www.zfx.com\/mx\/wp-json\/wp\/v2\/media?parent=317858"}],"curies":[{"name":"wp","href":"https:\/\/api.w.org\/{rel}","templated":true}]}}