{"id":317838,"date":"2021-09-20T13:01:44","date_gmt":"2021-09-20T13:01:44","guid":{"rendered":"https:\/\/www.zfx.com\/sobre-zfx\/"},"modified":"2021-09-20T13:01:44","modified_gmt":"2021-09-20T13:01:44","slug":"sobre-zfx","status":"publish","type":"page","link":"https:\/\/www.zfx.com\/mx\/sobre-zfx\/","title":{"rendered":"Sobre ZFX"},"content":{"rendered":"<div class=\"about-zfx\">\n<div class=\"main\">\n<h1 class=\"container title\">SOBRE ZFX<\/h1>\n<\/div>\n<div class=\"container description\">\n\nEl grupo de empresas Zeal (colectivamente Zeal Group) es un portafolio de negocios que comprende instituciones financieras reguladas (que cotizan como ZFX) y empresas fintech que se especializan en soluciones de liquidez de activos m\u00faltiples en mercados regulados respaldados por tecnolog\u00eda patentada con presencia en las principales ubicaciones globales.\n\nFundado por un grupo de traders veteranos con d\u00e9cadas de experiencia en la industria que no solo comparten la pasi\u00f3n por la complejidad que el mundo del trading financiero en s\u00ed mismo puede presentar sino que tambi\u00e9n tienen la experiencia y el compromiso para cambiar Zeal tiene una raz\u00f3n existencial profundamente arraigada y se ha fijado el objetivo de ofrecer servicios de Trading de activos m\u00faltiples del siguiente nivel a inversores minoristas e institucionales por igual.\n\nAl no asumir activamente el riesgo de mercado ZFX se enfoca constantemente en obtener los mejores precios en el mercado institucional utilizando tecnolog\u00eda de punta y brindando los mejores servicios de Trading para garantizar que el resultado de cada operaci\u00f3n ejecutada en Zeal sea puramente el resultado determinado por el mercado. La transparencia en los precios garantiza que Zeal sea compensado principalmente por sus servicios de broking a trav\u00e9s de markups.\n\n<\/div>\n<div class=\"values\">\n<div class=\"container\">\n<div class=\"title\">Valores fundamentales de ZFX<\/div>\n<div class=\"item\">\n<div class=\"first image\"><\/div>\n<div class=\"name\">Seguridad de los fondos<\/div>\n<div class=\"text\">Los fondos de los clientes est\u00e1n completamente segregados en una cuenta bancaria de cliente designada y por lo tanpara est\u00e1n separados de los fondos operativos de ZFX lo que garantiza que bajo ninguna circunstancia se utilicen para cumplir con los pasivos de la Compa\u00f1\u00eda o cualquier otro prop\u00f3sipara.<\/div>\n<\/div>\n<div class=\"item\">\n<div class=\"image second\"><\/div>\n<div class=\"name\">Direcci\u00f3n Corporativa<\/div>\n<div class=\"text\">Los procedimienparas internos efectivos y la gesti\u00f3n financiera estricta van de la mano para crear una excelente direcci\u00f3n corporativa en ZFX. Todo nuestro negocio es operado y examinado por especialistas y financieros sujeparas a audiparar\u00edas legales bajo un est\u00e1ndar del m\u00e1s alpara nivel.<\/div>\n<\/div>\n<div class=\"item\">\n<div class=\"image third\"><\/div>\n<div class=\"name\">Modelo de Agencia de Mercado Neutral<\/div>\n<div class=\"text\">Nuestro negocio se enfoca constantemente en obtener los mejores precios en el mercado institucional utilizando tecnolog\u00eda de punta y brindando los mejores servicios de Trading en su clase para garantizar que el resultado de cada operaci\u00f3n ejecutada con nosotros sea puramente el resultado determinado por el mercado.<\/div>\n<\/div>\n<\/div>\n<\/div>\n<div class=\"container markets\">\n<div>\n<div class=\"title\">Zeal Capital Market (Seychelles)<\/div>\nEl n\u00famero de licencia de la FSA de Zeal Capital Market Limited (Seychelles) es SD027.\n\nLa Aupararidad de Servicios Financieros de Seychelles (FSA por sus siglas en ingl\u00e9s) es un organismo regulador aut\u00f3nomo responsable de los servicios financieros no bancarios en Seychelles. Establecida en virtud de la Ley de la Aupararidad de Servicios Financieros de 2013 la FSA es responsable de oparargar permisos y regular las licencias hacer cumplir los requisiparas normativos y de cumplimienpara monipararear y supervisar la realizaci\u00f3n de negocios en el secparar de servicios financieros no bancarios en Seychelles. Las actividades reguladas incluyen servicios fiduciarios mercado de capitales &amp; planes de inversi\u00f3n colectiva seguros juegos de azar. La FSA tambi\u00e9n es responsable del registro de empresas comerciales internacionales fundaciones sociedades limitadas y fideicomisos internacionales en Seychelles.\n\nPara obtener m\u00e1s informaci\u00f3n sobre los requisiparas regulapararios de la FSA y los detalles reglamentarios visite el sitio web oficial de la FSA en\n\n<a href=\"https:\/\/www.fsaseychelles.sc\/\">https:\/\/www.fsaseychelles.sc\/<\/a>\n\n<\/div>\n<div>\n<div class=\"title\">Zeal Capital Markets Limited (Reino Unido)<\/div>\nEl n\u00famero de registro FCA (FRN por sus siglas en ingl\u00e9s) de Zeal Capital Market Limited (Reino Unido) es 768451.\n\nLa Aupararidad de Conducta Financiera (FCA por sus siglas en ingl\u00e9s) es un organismo regulador financiero en el Reino Unido pero opera independientemente del gobierno del Reino Unido y se financia mediante el cobro de tarifas a los miembros de la industria de servicios financieros. El 19 de diciembre de 2012 la Ley de Servicios Financieros de 2012 recibi\u00f3 aprobaci\u00f3n real y entr\u00f3 en vigor el 1 de abril de 2013. La Ley cre\u00f3 un nuevo marco normativo para los servicios financieros y aboli\u00f3 la Aupararidad de Servicios Financieros. La FCA regula las empresas financieras que prestan servicios a los consumidores y mantiene la integridad de los mercados financieros en el Reino Unido. Se centra en la regulaci\u00f3n de la conducta de las empresas de servicios financieros minoristas y mayoristas.\n\nPara obtener m\u00e1s informaci\u00f3n sobre los requisiparas regulapararios de la FCA y los detalles reglamentarios visite el sitio web oficial de la FCA en\n\n<a href=\"https:\/\/www.fca.org.uk\/\">https:\/\/www.fca.org.uk\/<\/a>\n\n<\/div>\n<\/div>\n<\/div>\n<style>.about-zfx .main{align-items:center;background-image:url(https:\/\/www.zfx.com\/wp-content\/uploads\/2020\/01\/about-bg.jpg);background-position:50%;background-repeat:no-repeat;background-size:cover;display:flex;height:400px}.about-zfx .main .title{color:#fff;font-size:40px;text-align:center}@media (max-width:923px){.about-zfx .main{height:300px}}@media (max-width:599px){.about-zfx .main{height:200px}}.about-zfx .description{padding:96px 16px;text-align:center}.about-zfx .values{background-image:url(https:\/\/www.zfx.com\/wp-content\/uploads\/2020\/01\/about-bg2.jpg);background-position:50%;background-repeat:no-repeat;background-size:cover;padding:96px 0}.about-zfx .values .title{color:#fff;font-size:40px;margin-bottom:44px;text-align:center}.about-zfx .values .item{background-color:#ffffffde;border-bottom:1px solid #fff;display:grid;grid-template-columns:100px 1fr;padding:24px}@media (max-width:599px){.about-zfx .values .item{grid-template-columns:1fr;text-align:center}.about-zfx .values .item .image{margin:auto}}.about-zfx .values .image{align-self:center;background-repeat:no-repeat;display:inline-block;grid-row:1\/3;height:73px;margin-bottom:20px;width:70px}.about-zfx .values .image.first{background-image:url(https:\/\/www.zfx.com\/wp-content\/uploads\/2020\/01\/about-icon1.svg)}.about-zfx .values .image.second{background-image:url(https:\/\/www.zfx.com\/wp-content\/uploads\/2020\/01\/about-icon2.svg)}.about-zfx .values .image.third{background-image:url(https:\/\/www.zfx.com\/wp-content\/uploads\/2020\/01\/about-icon3.svg)}.about-zfx .values .name{color:#0a264e;font-size:24px;font-weight:600}.about-zfx .markets{display:grid;gap:16px 64px;grid-template-columns:1fr 1fr;padding:96px 16px}.about-zfx .markets .title{font-size:20px;font-weight:600;margin-bottom:24px}@media (max-width:923px){.about-zfx .markets{grid-template-columns:1fr;max-width:500px}}.about-zfx .office{background-color:#f4f6fa;padding:96px 16px}.about-zfx .office .title{font-size:40px;margin-bottom:44px;text-align:center}.about-zfx .office img{display:block;margin:auto;max-width:1180px;width:100%}<\/style>","protected":false},"excerpt":{"rendered":"SOBRE ZFX El grupo de empresas Zeal (colectivamente Zeal Group) es un portafolio de negocios que comprende instituciones financieras reguladas (que cotizan como ZFX) y empresas fintech que se especializan en soluciones de liquidez de activos m\u00faltiples en mercados regulados respaldados por tecnolog\u00eda patentada con presencia en las principales ubicaciones globales. Fundado por un grupo [&hellip;]","protected":false},"author":43,"featured_media":0,"parent":0,"menu_order":0,"comment_status":"closed","ping_status":"closed","template":"","meta":{"_acf_changed":false,"footnotes":""},"class_list":["post-317838","page","type-page","status-publish","hentry"],"acf":[],"_links":{"self":[{"href":"https:\/\/www.zfx.com\/mx\/wp-json\/wp\/v2\/pages\/317838","targetHints":{"allow":["GET"]}}],"collection":[{"href":"https:\/\/www.zfx.com\/mx\/wp-json\/wp\/v2\/pages"}],"about":[{"href":"https:\/\/www.zfx.com\/mx\/wp-json\/wp\/v2\/types\/page"}],"author":[{"embeddable":true,"href":"https:\/\/www.zfx.com\/mx\/wp-json\/wp\/v2\/users\/43"}],"replies":[{"embeddable":true,"href":"https:\/\/www.zfx.com\/mx\/wp-json\/wp\/v2\/comments?post=317838"}],"version-history":[{"count":0,"href":"https:\/\/www.zfx.com\/mx\/wp-json\/wp\/v2\/pages\/317838\/revisions"}],"wp:attachment":[{"href":"https:\/\/www.zfx.com\/mx\/wp-json\/wp\/v2\/media?parent=317838"}],"curies":[{"name":"wp","href":"https:\/\/api.w.org\/{rel}","templated":true}]}}